{"id":308,"date":"2015-09-11T02:46:32","date_gmt":"2015-09-11T02:46:32","guid":{"rendered":"http:\/\/demo.vegatheme.com\/hera\/?page_id=308"},"modified":"2016-05-06T08:47:25","modified_gmt":"2016-05-06T07:47:25","slug":"inicio","status":"publish","type":"page","link":"https:\/\/mksite.es\/","title":{"rendered":"Inicio"},"content":{"rendered":"<section class=\"ms-left\"><div class=\"rows\"><div class=\"wpb_column one columns2 vc_custom_1441943530852\"><div class=\"wpb_wrapper\">\t\n\t<div class=\"ms-section\" id=\"left1\" style=\"background-image:url(https:\/\/mksite.es\/wp-content\/uploads\/image\/4.1.jpg)\">\t\n\t\t<div class=\"just_pattern\"><\/div>\n<ul class=\"flippy\">\n<li>\n<div class=\"big-text\">COMUNICACI\u00d3N<\/div>\n<div class=\"text-line\"><\/div>\n<div class=\"small-text\">transmitir, compartir e informar<\/div>\n<\/li>\n<li>\n<div class=\"big-text\">CONSULTOR\u00cdA<\/div>\n<div class=\"text-line\"><\/div>\n<div class=\"small-text\">asesoramiento, ayuda y soluciones<\/div>\n<\/li>\n<li>\n<div class=\"big-text\">FORMACI\u00d3N<\/div>\n<div class=\"text-line\"><\/div>\n<div class=\"small-text\">comercial, marketing y RRHH<\/div>\n<\/li>\n<li>\n<div class=\"big-text\">EVENTOS<\/div>\n<div class=\"text-line\"><\/div>\n<div class=\"small-text\">compartir conocimientos y experiencia<\/div>\n<\/li>\n<li>\n<div class=\"big-text\">ESTUDIOS MERCADO<\/div>\n<div class=\"text-line\"><\/div>\n<div class=\"small-text\">detectar, analizar y mejorar<\/div>\n<\/li>\n<\/ul>\n<p>\t<\/div>\t\t\n\t\t\n\t<div class=\"ms-section\" id=\"left2\" style=\"background-image:url(https:\/\/mksite.es\/wp-content\/uploads\/image\/left3-1.jpg)\">\t\n\t\t<div class=\"black-back\"><\/div>\n\t\t<div class=\"sections-link\"><div class=\"cl-effect\"><a href=\"http:\/\/www.mksite.es\/index.php\/experiencia\" data-gal=\"m_PageScroll2id\" data-ps2id-offset=\"65\"><span data-hover=\"saber m\u00e1s\">saber m\u00e1s<\/span><\/a><\/div><\/div>\t\t\t<\/div>\t\t\n\t\n\t<div class=\"ms-section\" id=\"left3\" style=\"background-image:url(https:\/\/mksite.es\/wp-content\/uploads\/image\/left41-1.jpg)\">\t\n\t\t<div class=\"just_pattern\"><\/div>\n\t\t<div class=\"big-text-down\">SERVICIOS<\/div>\n\t\t<div class=\"text-line-down\"><\/div>\n<ul class=\"flippy\">\n<li>\n<div class=\"small-text-down\">CONSULTOR\u00cdA COMERCIAL<\/div>\n<\/li>\n<li>\n<div class=\"small-text-down\">CONSULTOR\u00cdA MARKETING<\/div>\n<\/li>\n<li>\n<div class=\"small-text-down\">ESTUDIOS DE MERCADO<\/div>\n<\/li>\n<li>\n<div class=\"small-text-down\">FORMACI\u00d3N<\/div>\n<\/li>\n<li>\n<div class=\"small-text-down\">COMUNICACI\u00d3N 2.0<\/div>\n<\/li>\n<li>\n<div class=\"small-text-down\">PUBLICIDAD<\/div>\n<\/li>\n<li>\n<div class=\"small-text-down\">EVENTOS<\/div>\n<\/li>\n<\/ul>\n<p>\t<\/div>\t\t\n\t\t\n\t<div class=\"ms-section\" id=\"left4\" style=\"background-image:url(https:\/\/mksite.es\/wp-content\/uploads\/image\/right5-1.jpg)\">\t\n\t\t<div class=\"black-back\"><\/div>\n\t\t<div class=\"sections-link\"><div class=\"cl-effect\"><a href=\"http:\/\/www.mksite.es\/index.php\/contacto\" data-gal=\"m_PageScroll2id\" data-ps2id-offset=\"65\"><span data-hover=\"contacto\">contacto<\/span><\/a><\/div><\/div>\t\t\t<\/div>\t\t\n<\/div><\/div><\/div><\/section><section class=\"ms-right\"><div class=\"rows\"><div class=\"wpb_column one columns2\"><div class=\"wpb_wrapper\">\t\n\t<div class=\"ms-section\" id=\"right1\" style=\"background-image:url(https:\/\/mksite.es\/wp-content\/uploads\/image\/4.2.jpg)\">\t\n\t\t<div class=\"black-back\"><\/div>\n\t\t\t\t<div class=\"scrolling\" style=\"background-image:url(https:\/\/mksite.es\/wp-content\/uploads\/image\/scroll1.gif)\">scroll down<\/div>\t<\/div>\t\t\n\t\n\t<div class=\"ms-section\" id=\"right2\" style=\"background-image:url(https:\/\/mksite.es\/wp-content\/uploads\/image\/right3-1.jpg)\">\t\n\t\t<div class=\"just_pattern\"><\/div>\n\t\t<div class=\"big-text-down\">EXPERIENCIA<\/div>\n\t\t<div class=\"text-line-down\"><\/div>\n<ul class=\"flippy\">\n<li>\n<div class=\"small-text-down\">La experiencia no es lo que te sucede<\/div>\n<\/li>\n<li>\n<div class=\"small-text-down\">sino lo que haces con lo que te sucede.<\/div>\n<\/li>\n<li>\n<div class=\"small-text-down\">Aldous Huxley<\/div>\n<\/li>\n<\/ul>\n<p>\t<\/div>\t\t\n\t\t\n\t<div class=\"ms-section\" id=\"right3\" style=\"background-image:url(https:\/\/mksite.es\/wp-content\/uploads\/image\/right4-1.jpg)\">\t\n\t\t<div class=\"black-back\"><\/div>\n\t\t<div class=\"sections-link\"><div class=\"cl-effect\"><a href=\"http:\/\/www.mksite.es\/index.php\/servicios\" data-gal=\"m_PageScroll2id\" data-ps2id-offset=\"65\"><span data-hover=\"Saber m\u00e1s\">Saber m\u00e1s<\/span><\/a><\/div><\/div>\t\t\t<\/div>\t\t\n\t\n\t<div class=\"ms-section\" id=\"right4\">\n\t\t<div id=\"map\"><\/div>\n\t\t<div class=\"map-shadow\"><\/div>\n\t<\/div>\n\t<script>\n\t\t(function($) { \"use strict\";\n\t\t\tvar map;\n\t\t    $(document).ready(function(){\"use strict\";\n\t\t      map = new GMaps({\n\t\t    disableDefaultUI: true,\n\t\t    scrollwheel: false,\n\t\t        el: '#map',\n\t\t        lat: 40.4273943,\n\t\t        lng: -3.674416400000041\t\t      });\n\t\t      map.drawOverlay({\n\t\t        lat: map.getCenter().lat(),\n\t\t        lng: map.getCenter().lng(),\n\t\t        layer: 'overlayLayer',\n\t\t        content: '<div class=\"overlay\"><\/div>',\n\t\t        verticalAlign: 'center',\n\t\t        horizontalAlign: 'center'\n\t\t      });\n\t\t        var styles = [\n\t\t  {\n\t\t    \"featureType\": \"poi\",\n\t\t    \"stylers\": [\n\t\t      { \"visibility\": \"on\" },\n\t\t      { \"weight\": 0.9 },\n\t\t      { \"lightness\": 37 },\n\t\t      { \"gamma\": 0.62 },\n\t\t      { \"hue\": \"#ff0000\" },\n\t\t      { \"saturation\": -93 }\n\t\t    ]\n\t\t  },{\n\t\t    \"featureType\": \"poi\",\n\t\t    \"stylers\": [\n\t\t      { \"hue\": \"#ff0000\" },\n\t\t      { \"saturation\": -1 },\n\t\t      { \"color\": \"#ffffff\" },\n\t\t      { \"weight\": 0.2 }\n\t\t    ]\n\t\t  },{\n\t\t    \"featureType\": \"road\",\n\t\t    \"stylers\": [\n\t\t      { \"hue\": \"#ff0000\" },\n\t\t      { \"saturation\": -98 }\n\t\t    ]\n\t\t  },{\n\t\t    \"featureType\": \"landscape\",\n\t\t    \"stylers\": [\n\t\t      { \"hue\": \"#ff0000\" },\n\t\t      { \"saturation\": -89 }\n\t\t    ]\n\t\t  },{\n\t\t    \"featureType\": \"water\",\n\t\t    \"stylers\": [\n\t\t      { \"hue\": \"#cfa144\" },\n\t\t      { \"weight\": 0.4 },\n\t\t      { \"saturation\": -38 }\n\t\t    ]\n\t\t  }\n\t\t];\n\t\t        \n\t\t        map.addStyle({\n\t\t            styledMapName:\"Styled Map\",\n\t\t            styles: styles,\n\t\t            mapTypeId: \"map_style\"  \n\t\t        });\n\t\t        \n\t\t        map.setStyle(\"map_style\");\t\n\t\t\t\t\n\t\t    });\t\n\t\t})(jQuery); \n\t<\/script>\n<\/div><\/div><\/div><\/section>\n","protected":false},"excerpt":{"rendered":"COMUNICACI\u00d3N transmitir, compartir e informar CONSULTOR\u00cdA asesoramiento, ayuda y soluciones FORMACI\u00d3N comercial, marketing y RRHH EVENTOS compartir conocimientos y experiencia ESTUDIOS MERCADO detectar, analizar y mejorar saber m\u00e1s SERVICIOS CONSULTOR\u00cdA COMERCIAL CONSULTOR\u00cdA MARKETING ESTUDIOS DE MERCADO FORMACI\u00d3N COMUNICACI\u00d3N 2.0 PUBLICIDAD EVENTOS contacto scroll down EXPERIENCIA La experiencia no es lo que te sucede sino lo [...]","protected":false},"author":2,"featured_media":0,"parent":0,"menu_order":0,"comment_status":"closed","ping_status":"closed","template":"page-templates\/template-showcase.php","meta":{"footnotes":""},"class_list":["post-308","page","type-page","status-publish","hentry"],"_links":{"self":[{"href":"https:\/\/mksite.es\/index.php\/wp-json\/wp\/v2\/pages\/308","targetHints":{"allow":["GET"]}}],"collection":[{"href":"https:\/\/mksite.es\/index.php\/wp-json\/wp\/v2\/pages"}],"about":[{"href":"https:\/\/mksite.es\/index.php\/wp-json\/wp\/v2\/types\/page"}],"author":[{"embeddable":true,"href":"https:\/\/mksite.es\/index.php\/wp-json\/wp\/v2\/users\/2"}],"replies":[{"embeddable":true,"href":"https:\/\/mksite.es\/index.php\/wp-json\/wp\/v2\/comments?post=308"}],"version-history":[{"count":0,"href":"https:\/\/mksite.es\/index.php\/wp-json\/wp\/v2\/pages\/308\/revisions"}],"wp:attachment":[{"href":"https:\/\/mksite.es\/index.php\/wp-json\/wp\/v2\/media?parent=308"}],"curies":[{"name":"wp","href":"https:\/\/api.w.org\/{rel}","templated":true}]}}